{"id":1293,"date":"2024-11-26T17:13:14","date_gmt":"2024-11-26T16:13:14","guid":{"rendered":"https:\/\/www.bonpez.com\/privacy-policy\/"},"modified":"2026-02-09T11:19:03","modified_gmt":"2026-02-09T10:19:03","slug":"privacy-policy","status":"publish","type":"page","link":"https:\/\/www.bonpez.com\/en\/privacy-policy\/","title":{"rendered":"Privacy Policy"},"content":{"rendered":"\n<h2 class=\"wp-block-heading wh-core-block wh-core-heading wh-core-block--textual\">Informativa ai sensi dell\u2019art. 13 del Regolamento UE 2016\/679, c.d. GDPR<\/h2>\n\n<p class=\"wh-core-block wh-core-paragraph wh-core-block--textual\">In questa pagina si descrivono le modalit\u00e0 di gestione del sito in riferimento al trattamento dei dati personali degli utenti che lo consultano. La presente informativa (o \u201cprivacy policy\u201d) \u00e8 resa ai sensi dell\u2019art. 13 del Regolamento UE 2016\/679, Regolamento Europeo sulla Protezione dei Dati Personali (di seguito, \u201cRegolamento\u201d) a coloro che interagiscono con i servizi web del sito\u00a0http:\/\/www.bonpez.com<\/p>\n\n<p class=\"wh-core-block wh-core-paragraph wh-core-block--textual\">L\u2019informativa \u00e8 resa solo per il sito\u00a0bonpez.com\u00a0e non anche per altri siti web eventualmente consultati dall\u2019utente tramite link.<\/p>\n\n<h2 class=\"wp-block-heading wh-core-block wh-core-heading wh-core-block--textual\">1. Titolare del trattamento<\/h2>\n\n<p class=\"wh-core-block wh-core-paragraph wh-core-block--textual\">Il Titolare del trattamento dei dati degli utenti \u00e8\u00a0<\/p>\n\n<p class=\"wh-core-block wh-core-paragraph wh-core-block--textual\">Bonpez snc (Titolare del Trattamento dei Dati Personali)<br\/>P.iva. 02134270178<br\/>Via dei Carretti, 9 \u2013 25040 Corte Franca (BS)<\/p>\n\n<p class=\"wh-core-block wh-core-paragraph wh-core-block--textual\">Tel. (+39) 030 988 40 88<br\/>Email: segreteria@bonpez.com<\/p>\n\n<h2 class=\"wp-block-heading wh-core-block wh-core-heading wh-core-block--textual\">2. Dati personali oggetto di trattamento<\/h2>\n\n<p class=\"wh-core-block wh-core-paragraph wh-core-block--textual\"><strong>Dati di navigazione<\/strong><\/p>\n\n<p class=\"wh-core-block wh-core-paragraph wh-core-block--textual\">I sistemi informatici e le procedure software preposte al funzionamento di questo sito web acquisiscono, nel corso del loro normale esercizio, alcuni dati personali la cui trasmissione \u00e8 implicita nell\u2019uso dei protocolli di comunicazione di Internet.<\/p>\n\n<p class=\"wh-core-block wh-core-paragraph wh-core-block--textual\">Si tratta di informazioni che non sono raccolte per essere associate a interessati di identificazione, ma che per loro stessa natura potrebbero, attraverso elaborazioni ed associazioni con dati detenuti da terzi, permettere di identificare gli utenti.<\/p>\n\n<p class=\"wh-core-block wh-core-paragraph wh-core-block--textual\">In questa categoria di dati rientrano gli indirizzi IP (indirizzi internet assegnati al computer dell\u2019utente dal provider del servizio internet), i nomi del dominio dei computer utilizzati dagli utenti che si connettono al sito, il browser (per esempio Firefox\u00a0o Internet Explorer), la data, l\u2019orario della richiesta ed altri parametri relativi al sistema operativo e all\u2019ambiente informatico dell\u2019utente.<\/p>\n\n<p class=\"wh-core-block wh-core-paragraph wh-core-block--textual\">Questi dati potrebbero essere utilizzati per l\u2019accertamento di responsabilit\u00e0 in caso di ipotetici reati informatici ai danni del sito e vengono comunque cancellati dopo l\u2019elaborazione entro 6 (sei) mesi.<\/p>\n\n<p class=\"wh-core-block wh-core-paragraph wh-core-block--textual\">Vengono altres\u00ec raccolti e trattati dati in forma anonima al solo fine di ricavare informazioni statistiche sull\u2019uso del sito e per verificarne la corretta funzionalit\u00e0.<\/p>\n\n<p class=\"wh-core-block wh-core-paragraph wh-core-block--textual\"><strong>Dati forniti volontariamente dall\u2019utente<\/strong><\/p>\n\n<p class=\"wh-core-block wh-core-paragraph wh-core-block--textual\">L\u2019invio facoltativo, esplicito e volontario di posta elettronica agli indirizzi indicati su questo sito comporta la successiva acquisizione dell\u2019indirizzo del mittente, necessario per rispondere alle richieste, nonch\u00e9 degli eventuali altri dati personali inseriti nella e-mail.<\/p>\n\n<h2 class=\"wp-block-heading wh-core-block wh-core-heading wh-core-block--textual\">3. Cookie<\/h2>\n\n<p class=\"wh-core-block wh-core-paragraph wh-core-block--textual\"><a href=\"https:\/\/www.bonpez.com\/en\/cookie-policy\/\" data-type=\"page\" data-id=\"53\">&gt; Leggi la cookie policy<\/a><\/p>\n\n<h2 class=\"wp-block-heading wh-core-block wh-core-heading wh-core-block--textual\">4. Finalit\u00e0 e base giuridica del trattamento<\/h2>\n\n<p class=\"wh-core-block wh-core-paragraph wh-core-block--textual\">I dati di natura personale forniti saranno trattati, nel rispetto delle condizioni di liceit\u00e0 ex art. 6 del Reg. UE 2016\/679, per le seguenti finalit\u00e0:<\/p>\n\n<ul class=\"wp-block-list wh-core-block wh-core-list wh-core-block--textual\">\n<li class=\"wh-core-block wh-core-list-item\">navigazione sul presente sito internet \u2013 legittimo interesse (art. 6 paragrafo 1 lett. f)) quale base giuridica del trattamento;<\/li>\n\n\n\n<li class=\"wh-core-block wh-core-list-item\">eventuale richiesta di contatto, con invio di informazioni da Lei richieste \u2013 legittimo interesse (art. 6 paragrafo 1 lett. f)) quale base giuridica del trattamento;<\/li>\n\n\n\n<li class=\"wh-core-block wh-core-list-item\">previo consenso e fino a sua opposizione: per attivit\u00e0 di marketing diretto del Titolare, newsletter, ricerche di mercato per ricevere \u2013 tramite mezzi automatizzati posta elettronica,\u00a0 messaggi del tipo Mms (Multimedia Messaging Service) o Sms (Short Message Service), nonch\u00e9 mediante telefonate tramite operatore e della posta cartacea \u2013 materiale informativo, per l\u2019invio di materiale promozionale, commerciale e pubblicitario o inerente eventi ed iniziative, da parte del Titolare \u2013 consenso (art. 6 paragrafo 1 lett. a)) quale base giuridica del trattamento.<\/li>\n<\/ul>\n\n<h2 class=\"wp-block-heading wh-core-block wh-core-heading wh-core-block--textual\">5. Eventuali destinatari e le eventuali categorie di destinatari dei dati personali<\/h2>\n\n<p class=\"wh-core-block wh-core-paragraph wh-core-block--textual\">I dati potranno essere comunicati a soggetti terzi, che operano in qualit\u00e0 di responsabili nonch\u00e9 da soggetti nominati persone autorizzate al trattamento, preposti alla gestione del servizio richiesto. In particolare i dati saranno comunicati a:<\/p>\n\n<ul class=\"wp-block-list wh-core-block wh-core-list wh-core-block--textual\">\n<li class=\"wh-core-block wh-core-list-item\">soggetti che forniscono servizi per la gestione del sistema informativo e delle reti di comunicazione ivi compresa la posta elettronica e gestione siti internet;<\/li>\n\n\n\n<li class=\"wh-core-block wh-core-list-item\">terzi che collaborano con il Titolare del trattamento per attivit\u00e0 di marketing diretto;<\/li>\n\n\n\n<li class=\"wh-core-block wh-core-list-item\">studi o societ\u00e0 nell\u2019ambito di rapporti di assistenza e consulenza;<\/li>\n\n\n\n<li class=\"wh-core-block wh-core-list-item\">autorit\u00e0 competenti per adempimenti di obblighi di legge e\/o di disposizioni di organi pubblici, su richiesta.<\/li>\n<\/ul>\n\n<p class=\"wh-core-block wh-core-paragraph wh-core-block--textual\">L\u2019elenco dei Responsabili del trattamento \u00e8 costantemente aggiornato e disponibile presso il titolare del trattamento.<\/p>\n\n<h2 class=\"wp-block-heading wh-core-block wh-core-heading wh-core-block--textual\">6. Trasferimento dei dati personali verso un paese terzo e\/o un\u2019organizzazione internazionale<\/h2>\n\n<p class=\"wh-core-block wh-core-paragraph wh-core-block--textual\">I dati di natura personale forniti saranno trasferiti in Paesi appartenenti all\u2019Unione Europea e in Paesi Extra UE al fine di ottemperare a finalit\u00e0 connesse sopra indicate. I dati saranno trasferiti in base all\u2019 Articolo 44 \u2013 Principio generale per il trasferimento; Articolo 45 \u2013 Trasferimento sulla base di una decisione di adeguatezza; Articolo 46 \u2013 Trasferimento soggetto a garanzie adeguate, nello specifico i dati saranno trasferiti verso paesi terzi organizzazioni internazionali per cui la Commissione \u00e8 intervenuta con una valutazione di adeguatezza (art. 45 Reg. UE 2016\/679). L\u2019interessato potr\u00e0 ottenere informazioni circa le garanzie per il trasferimento dati scrivendo una mail all\u2019indirizzo info@bonpez.com<\/p>\n\n<h2 class=\"wp-block-heading wh-core-block wh-core-heading wh-core-block--textual\">7. Periodo di conservazione dei dati personali o criteri per determinare il periodo<\/h2>\n\n<p class=\"wh-core-block wh-core-paragraph wh-core-block--textual\">Il trattamento sar\u00e0 svolto in forma automatizzata e manuale, con modalit\u00e0 e strumenti volti a garantire la massima sicurezza e riservatezza, ad opera di soggetti di ci\u00f2 appositamente autorizzati.<\/p>\n\n<p class=\"wh-core-block wh-core-paragraph wh-core-block--textual\">Nel rispetto di quanto previsto dall\u2019art. 5 comma 1 lett. e) del Reg. UE 2016\/679 i dati personali raccolti verranno conservati in una forma che consenta l\u2019identificazione degli interessati per un arco di tempo non superiore al conseguimento delle finalit\u00e0 per le quali i dati personali sono trattati.<\/p>\n\n<p class=\"wh-core-block wh-core-paragraph wh-core-block--textual\">La conservazione dei dati di natura personale forniti dipende dalla finalit\u00e0 del trattamento:<\/p>\n\n<ul class=\"wp-block-list wh-core-block wh-core-list wh-core-block--textual\">\n<li class=\"wh-core-block wh-core-list-item\">navigazione sul presente sito web (si veda la cookies policy al seguente link);<\/li>\n\n\n\n<li class=\"wh-core-block wh-core-list-item\">per richiesta di contatto (massimo 1 anno);<\/li>\n\n\n\n<li class=\"wh-core-block wh-core-list-item\">ricezione newsletter o comunicazioni promozionali in genere via e-mail (massimo 24 mesi).<\/li>\n<\/ul>\n\n<h2 class=\"wp-block-heading wh-core-block wh-core-heading wh-core-block--textual\">8. Diritti dell\u2019interessato<\/h2>\n\n<p class=\"wh-core-block wh-core-paragraph wh-core-block--textual\">Ai sensi degli artt. 15 e ss. del Regolamento UE 2016\/679,\u00a0l\u2019interessato ha il diritto di chiedere al Titolare del trattamento: l\u2019accesso ai suoi dati personali; la rettifica o la cancellazione degli stessi o la limitazione del trattamento che lo riguardano; l\u2019opposizione al trattamento; la portabilit\u00e0 dei dati nei termini di cui all\u2019art. 20 cit. Fatto salvo ogni altro ricorso amministrativo o giurisdizionale, l\u2019interessato che ritenga che il trattamento che lo riguarda violi il GDPR, ha il diritto di proporre reclamo a un\u2019autorit\u00e0 di controllo, segnatamente nello Stato membro in cui risiede abitualmente, lavora oppure del luogo ove si \u00e8 verificata la presunta violazione (art. 77 cit.).<\/p>\n\n<p class=\"wh-core-block wh-core-paragraph wh-core-block--textual\">Per esercitare i diritti di cui sopra l\u2019interessato potr\u00e0 rivolgersi al Titolare ai recapiti indicati al punto 1 della presente informativa.<\/p>\n\n<h2 class=\"wp-block-heading wh-core-block wh-core-heading wh-core-block--textual\">9. Aggiornamenti<\/h2>\n\n<p class=\"wh-core-block wh-core-paragraph wh-core-block--textual\">La presente privacy policy pu\u00f2 subire modifiche e\/o integrazioni a seguito di eventuali successive modifiche e\/o integrazioni normative, all\u2019aggiornamento o erogazione di nuovi servizi ovvero ad intervenute innovazioni tecnologiche.<\/p>\n","protected":false},"excerpt":{"rendered":"<p>Informativa ai sensi dell\u2019art. 13 del Regolamento UE 2016\/679, c.d. GDPR In questa pagina si descrivono le modalit\u00e0 di gestione del sito in riferimento al trattamento dei dati personali degli utenti che lo consultano. La [&hellip;]<\/p>\n","protected":false},"author":1,"featured_media":0,"parent":0,"menu_order":0,"comment_status":"closed","ping_status":"closed","template":"","meta":{"_acf_changed":false,"footnotes":""},"class_list":["post-1293","page","type-page","status-publish","hentry"],"acf":[],"_links":{"self":[{"href":"https:\/\/www.bonpez.com\/en\/wp-json\/wp\/v2\/pages\/1293","targetHints":{"allow":["GET"]}}],"collection":[{"href":"https:\/\/www.bonpez.com\/en\/wp-json\/wp\/v2\/pages"}],"about":[{"href":"https:\/\/www.bonpez.com\/en\/wp-json\/wp\/v2\/types\/page"}],"author":[{"embeddable":true,"href":"https:\/\/www.bonpez.com\/en\/wp-json\/wp\/v2\/users\/1"}],"replies":[{"embeddable":true,"href":"https:\/\/www.bonpez.com\/en\/wp-json\/wp\/v2\/comments?post=1293"}],"version-history":[{"count":0,"href":"https:\/\/www.bonpez.com\/en\/wp-json\/wp\/v2\/pages\/1293\/revisions"}],"wp:attachment":[{"href":"https:\/\/www.bonpez.com\/en\/wp-json\/wp\/v2\/media?parent=1293"}],"curies":[{"name":"wp","href":"https:\/\/api.w.org\/{rel}","templated":true}]}}